{"id":54,"date":"2021-07-18T04:07:20","date_gmt":"2021-07-18T04:07:20","guid":{"rendered":"https:\/\/lumat.uaz.edu.mx\/2dmaterialsgroup\/?page_id=54"},"modified":"2025-02-11T23:18:45","modified_gmt":"2025-02-11T23:18:45","slug":"contact","status":"publish","type":"page","link":"https:\/\/lumat.uaz.edu.mx\/2dmaterialsgroup\/contact\/","title":{"rendered":"Contact"},"content":{"rendered":"\n<h3 class=\"wp-block-heading has-medium-font-size\">Dr. Isaac Rodr\u00edguez Vargas<\/h3>\n\n\n\n<p style=\"font-size:18px\">Unidad Acad\u00e9mica de Ciencia y Tecnolog\u00eda de la Luz y la Materia, Universidad Aut\u00f3noma de Zacatecas, Circuito Marie Curie S\/N, Parque de Ciencia y Tecnolog\u00eda QUANTUM Ciudad del Conocimiento, 98160 Zacatecas, Zacatecas, M\u00e9xico.<\/p>\n\n\n\n<p class=\"has-vivid-cyan-blue-color has-text-color has-link-color has-medium-font-size wp-elements-a0ed2bdfd7b20f2853c95e761c314b25\"><mark style=\"background-color:rgba(0, 0, 0, 0)\" class=\"has-inline-color has-cyan-bluish-gray-color\">email: isaac@uaz.edu.mx<\/mark><\/p>\n\n\n\n<p><\/p>\n","protected":false},"excerpt":{"rendered":"<p>Dr. Isaac Rodr\u00edguez Vargas Unidad Acad\u00e9mica de Ciencia y Tecnolog\u00eda de la Luz y la Materia, Universidad Aut\u00f3noma de Zacatecas, Circuito Marie Curie S\/N, Parque de Ciencia y Tecnolog\u00eda QUANTUM Ciudad del Conocimiento, 98160 Zacatecas, Zacatecas, M\u00e9xico. email: isaac@uaz.edu.mx<\/p>\n","protected":false},"author":1,"featured_media":0,"parent":0,"menu_order":0,"comment_status":"closed","ping_status":"closed","template":"","meta":{"footnotes":""},"class_list":["post-54","page","type-page","status-publish","hentry"],"_links":{"self":[{"href":"https:\/\/lumat.uaz.edu.mx\/2dmaterialsgroup\/wp-json\/wp\/v2\/pages\/54","targetHints":{"allow":["GET"]}}],"collection":[{"href":"https:\/\/lumat.uaz.edu.mx\/2dmaterialsgroup\/wp-json\/wp\/v2\/pages"}],"about":[{"href":"https:\/\/lumat.uaz.edu.mx\/2dmaterialsgroup\/wp-json\/wp\/v2\/types\/page"}],"author":[{"embeddable":true,"href":"https:\/\/lumat.uaz.edu.mx\/2dmaterialsgroup\/wp-json\/wp\/v2\/users\/1"}],"replies":[{"embeddable":true,"href":"https:\/\/lumat.uaz.edu.mx\/2dmaterialsgroup\/wp-json\/wp\/v2\/comments?post=54"}],"version-history":[{"count":17,"href":"https:\/\/lumat.uaz.edu.mx\/2dmaterialsgroup\/wp-json\/wp\/v2\/pages\/54\/revisions"}],"predecessor-version":[{"id":1308,"href":"https:\/\/lumat.uaz.edu.mx\/2dmaterialsgroup\/wp-json\/wp\/v2\/pages\/54\/revisions\/1308"}],"wp:attachment":[{"href":"https:\/\/lumat.uaz.edu.mx\/2dmaterialsgroup\/wp-json\/wp\/v2\/media?parent=54"}],"curies":[{"name":"wp","href":"https:\/\/api.w.org\/{rel}","templated":true}]}}