{"id":65,"date":"2021-07-18T04:07:20","date_gmt":"2021-07-18T04:07:20","guid":{"rendered":"https:\/\/lumat.uaz.edu.mx\/2dmaterialsgroup\/?page_id=65"},"modified":"2025-03-19T17:42:05","modified_gmt":"2025-03-19T17:42:05","slug":"postdoctoral-research-fellows","status":"publish","type":"page","link":"https:\/\/lumat.uaz.edu.mx\/2dmaterialsgroup\/postdoctoral-research-fellows\/","title":{"rendered":"Postdoctoral research fellows"},"content":{"rendered":"\n<div class=\"wp-block-columns alignfull is-layout-flex wp-container-core-columns-is-layout-9d6595d7 wp-block-columns-is-layout-flex\">\n<div class=\"wp-block-column is-layout-flow wp-block-column-is-layout-flow\" style=\"flex-basis:50%\">\n<div class=\"wp-block-cover is-light\" style=\"min-height:800px;aspect-ratio:unset;\"><span aria-hidden=\"true\" class=\"wp-block-cover__background has-background-dim-100 has-background-dim\" style=\"background-color:#f6f6f6\"><\/span><div class=\"wp-block-cover__inner-container is-layout-flow wp-block-cover-is-layout-flow\"><div class=\"wp-block-image\">\n<figure class=\"aligncenter size-full is-resized\"><img loading=\"lazy\" decoding=\"async\" width=\"429\" height=\"377\" src=\"https:\/\/lumat.uaz.edu.mx\/2dmaterialsgroup\/wp-content\/uploads\/2021\/07\/Lupe2d.png\" alt=\"\" class=\"wp-image-286\" style=\"width:226px;height:auto\" srcset=\"https:\/\/lumat.uaz.edu.mx\/2dmaterialsgroup\/wp-content\/uploads\/2021\/07\/Lupe2d.png 429w, https:\/\/lumat.uaz.edu.mx\/2dmaterialsgroup\/wp-content\/uploads\/2021\/07\/Lupe2d-300x264.png 300w\" sizes=\"auto, (max-width: 429px) 100vw, 429px\" \/><\/figure>\n<\/div><\/div><\/div>\n<\/div>\n\n\n\n<div class=\"wp-block-column is-vertically-aligned-center is-layout-flow wp-block-column-is-layout-flow\" style=\"padding-top:1em;padding-right:1em;padding-bottom:1em;padding-left:1em;flex-basis:410px\">\n<div class=\"wp-block-columns is-layout-flex wp-container-core-columns-is-layout-9d6595d7 wp-block-columns-is-layout-flex\">\n<div class=\"wp-block-column is-layout-flow wp-block-column-is-layout-flow\" style=\"flex-basis:320px\">\n<p style=\"font-size:17px;line-height:1.6\"><strong>Jos\u00e9 Guadalupe Rojas Brise\u00f1o<\/strong><\/p>\n\n\n\n<p style=\"font-size:16px;line-height:1.6\">Dr. Rojas-Brise\u00f1o got his Ph.&nbsp;D from the \u201cInstituto de Investigaci\u00f3n en Ciencias B\u00e1sicas y Aplicadas, Universidad Aut\u00f3noma del Estado de Morelos (UAEM)\u201d, working in excitonic states in cubic nitride alloys.&nbsp;His bachelor&#8217;s and master&#8217;s in physics were obtained at \u201cUnidad Acad\u00e9mica de F\u00edsica, Universidad Aut\u00f3noma de Zacatecas (UAZ)\u201d, studying the Frobenius Formulae for the inversion of large matrices and nonlinear optics on AlGaAs\/GaAs delta quantum wells, respectively. He has been in two postdoctoral research stays at UAZ.&nbsp;<\/p>\n\n\n\n<p style=\"font-size:16px;line-height:1.6\">He joined the 2DMRG in 2020, studying the conductance, spin-valley polarization, and magnetoresistance in silicene structures. The main goal of his project within the 2DMRG is to assess low-dimensional structures that can the basis to improve the spin-valley polarization and magnetoresistive properties of 2D materials. Moreover, temperature, disorder, and non-collinear magnetization effects can limit the performance of spin-valley polarization and magnetoresistive low-dimensional devices.&nbsp;<\/p>\n\n\n\n<p style=\"font-size:14px\">Contact email: jgrojas@uaz.edu.mx<\/p>\n\n\n\n<p class=\"has-small-font-size\">Postdoc from 2024 to 2026.<\/p>\n<\/div>\n<\/div>\n<\/div>\n<\/div>\n\n\n\n<hr class=\"wp-block-separator has-text-color has-vivid-red-color has-css-opacity has-vivid-red-background-color has-background is-style-wide\"\/>\n\n\n\n<div style=\"height:30px\" aria-hidden=\"true\" class=\"wp-block-spacer\"><\/div>\n\n\n\n<div class=\"wp-block-group is-vertical is-layout-flex wp-container-core-group-is-layout-8cf370e7 wp-block-group-is-layout-flex\">\n<p><strong>Dr Rogelio Rodr\u00edguez Gonzales<\/strong><\/p>\n\n\n\n<p>Postdoc from 2020 to 2022.<br>Currently Lecturer-Researcher at Unidad Acad\u00e9mica de Ciencia y Tecnolog\u00eda de la Luz y la Materia, Universidad Aut\u00f3noma de Zacatecas, Zacatecas, M\u00e9xico.<\/p>\n<\/div>\n\n\n\n<div class=\"wp-block-group\"><div class=\"wp-block-group__inner-container is-layout-constrained wp-block-group-is-layout-constrained\">\n<hr class=\"wp-block-separator has-alpha-channel-opacity is-style-dots\"\/>\n<\/div><\/div>\n\n\n\n<div class=\"wp-block-group is-vertical is-layout-flex wp-container-core-group-is-layout-8cf370e7 wp-block-group-is-layout-flex\">\n<p><strong>Dr Jos\u00e9 Alberto Briones Torres<\/strong><\/p>\n\n\n\n<p>Postdoc from 2020 to 2022.<br>Currently Lecturer-Researcher at Ingenier\u00eda en Nanotecnolog\u00eda, Universidad de La Ci\u00e9nega del Estado de Michoac\u00e1n de Ocampo, Sahuayo, Michoac\u00e1n, Mexico.<\/p>\n<\/div>\n\n\n\n<hr class=\"wp-block-separator has-alpha-channel-opacity is-style-dots\"\/>\n\n\n\n<div class=\"wp-block-group is-vertical is-layout-flex wp-container-core-group-is-layout-8cf370e7 wp-block-group-is-layout-flex\">\n<p><strong>Dr. Eric Jovani Guzm\u00e1n<\/strong><\/p>\n\n\n\n<p>Postdoc from 2020 to 2021.<br>Currently posdoctoral position at UNAM-Morelia, Michoac\u00e1n, Mexico.<\/p>\n<\/div>\n","protected":false},"excerpt":{"rendered":"<p>Jos\u00e9 Guadalupe Rojas Brise\u00f1o Dr. Rojas-Brise\u00f1o got his Ph.&nbsp;D from the \u201cInstituto de Investigaci\u00f3n en Ciencias B\u00e1sicas y Aplicadas, Universidad Aut\u00f3noma del Estado de Morelos (UAEM)\u201d, working in excitonic states in cubic nitride alloys.&nbsp;His bachelor&#8217;s and master&#8217;s in physics were obtained at \u201cUnidad Acad\u00e9mica de F\u00edsica, Universidad Aut\u00f3noma de Zacatecas (UAZ)\u201d, studying the Frobenius Formulae &hellip; <\/p>\n<p class=\"link-more\"><a href=\"https:\/\/lumat.uaz.edu.mx\/2dmaterialsgroup\/postdoctoral-research-fellows\/\" class=\"more-link\">Continuar leyendo<span class=\"screen-reader-text\"> &#8220;Postdoctoral research fellows&#8221;<\/span><\/a><\/p>\n","protected":false},"author":1,"featured_media":0,"parent":0,"menu_order":0,"comment_status":"closed","ping_status":"closed","template":"","meta":{"footnotes":""},"class_list":["post-65","page","type-page","status-publish","hentry"],"_links":{"self":[{"href":"https:\/\/lumat.uaz.edu.mx\/2dmaterialsgroup\/wp-json\/wp\/v2\/pages\/65","targetHints":{"allow":["GET"]}}],"collection":[{"href":"https:\/\/lumat.uaz.edu.mx\/2dmaterialsgroup\/wp-json\/wp\/v2\/pages"}],"about":[{"href":"https:\/\/lumat.uaz.edu.mx\/2dmaterialsgroup\/wp-json\/wp\/v2\/types\/page"}],"author":[{"embeddable":true,"href":"https:\/\/lumat.uaz.edu.mx\/2dmaterialsgroup\/wp-json\/wp\/v2\/users\/1"}],"replies":[{"embeddable":true,"href":"https:\/\/lumat.uaz.edu.mx\/2dmaterialsgroup\/wp-json\/wp\/v2\/comments?post=65"}],"version-history":[{"count":46,"href":"https:\/\/lumat.uaz.edu.mx\/2dmaterialsgroup\/wp-json\/wp\/v2\/pages\/65\/revisions"}],"predecessor-version":[{"id":1475,"href":"https:\/\/lumat.uaz.edu.mx\/2dmaterialsgroup\/wp-json\/wp\/v2\/pages\/65\/revisions\/1475"}],"wp:attachment":[{"href":"https:\/\/lumat.uaz.edu.mx\/2dmaterialsgroup\/wp-json\/wp\/v2\/media?parent=65"}],"curies":[{"name":"wp","href":"https:\/\/api.w.org\/{rel}","templated":true}]}}